{"id":457,"date":"2020-10-25T09:58:15","date_gmt":"2020-10-25T08:58:15","guid":{"rendered":"https:\/\/etude-fontana.ch\/wp\/actualites\/point-de-vue\/"},"modified":"2021-08-12T17:25:41","modified_gmt":"2021-08-12T15:25:41","slug":"point-de-vue","status":"publish","type":"page","link":"https:\/\/etude-fontana.ch\/en\/news\/point-de-vue\/","title":{"rendered":"Point of view"},"content":{"rendered":"<p>[vc_row el_class=&#8221;stickymenu&#8221;][vc_column][vc_wp_custommenu nav_menu=&#8221;23&#8243;][\/vc_column][\/vc_row][vc_row full_width=&#8221;stretch_row_content_no_spaces&#8221; el_class=&#8221;b-shortcode actualites-s&#8221;][vc_column][vc_column_text]<div class=\"wpb_column vc_column_container vc_col-sm-2 stickycol\"><form autocomplete=\"off\" name=\"wpv-filter-365\" action=\"\/en\/wp-json\/wp\/v2\/pages\/457?wpv_view_count=365\" method=\"get\" class=\"wpv-filter-form js-wpv-filter-form js-wpv-filter-form-365 js-wpv-form-full js-wpv-dps-enabled js-wpv-ajax-results-enabled\" data-viewnumber=\"365\" data-viewid=\"365\" data-viewhash=\"eyJuYW1lIjoicG9pbnQtZGUtdnVlIn0=\" data-viewwidgetid=\"0\" data-orderby=\"\" data-order=\"\" data-orderbyas=\"\" data-orderbysecond=\"\" data-ordersecond=\"\" data-parametric=\"{&quot;query&quot;:&quot;normal&quot;,&quot;id&quot;:365,&quot;view_id&quot;:365,&quot;widget_id&quot;:0,&quot;view_hash&quot;:&quot;365&quot;,&quot;action&quot;:&quot;\\\/en\\\/wp-json\\\/wp\\\/v2\\\/pages\\\/457?wpv_view_count=365&quot;,&quot;sort&quot;:{&quot;orderby&quot;:&quot;&quot;,&quot;order&quot;:&quot;&quot;,&quot;orderby_as&quot;:&quot;&quot;,&quot;orderby_second&quot;:&quot;&quot;,&quot;order_second&quot;:&quot;&quot;},&quot;orderby&quot;:&quot;&quot;,&quot;order&quot;:&quot;&quot;,&quot;orderby_as&quot;:&quot;&quot;,&quot;orderby_second&quot;:&quot;&quot;,&quot;order_second&quot;:&quot;&quot;,&quot;ajax_form&quot;:&quot;&quot;,&quot;ajax_results&quot;:&quot;&quot;,&quot;effect&quot;:&quot;fade&quot;,&quot;prebefore&quot;:&quot;&quot;,&quot;before&quot;:&quot;&quot;,&quot;after&quot;:&quot;&quot;,&quot;attributes&quot;:[],&quot;environment&quot;:{&quot;current_post_id&quot;:457,&quot;parent_post_id&quot;:457,&quot;parent_term_id&quot;:0,&quot;parent_user_id&quot;:0,&quot;archive&quot;:{&quot;type&quot;:&quot;&quot;,&quot;name&quot;:&quot;&quot;,&quot;data&quot;:[]}},&quot;loop&quot;:{&quot;type&quot;:&quot;&quot;,&quot;name&quot;:&quot;&quot;,&quot;data&quot;:[],&quot;id&quot;:0}}\" data-attributes=\"[]\" data-environment=\"{&quot;current_post_id&quot;:457,&quot;parent_post_id&quot;:457,&quot;parent_term_id&quot;:0,&quot;parent_user_id&quot;:0,&quot;archive&quot;:{&quot;type&quot;:&quot;&quot;,&quot;name&quot;:&quot;&quot;,&quot;data&quot;:[]}}\"><input type=\"hidden\" class=\"js-wpv-dps-filter-data js-wpv-filter-data-for-this-form\" data-action=\"\/en\/wp-json\/wp\/v2\/pages\/457?wpv_view_count=365\" data-page=\"1\" data-ajax=\"enable\" data-effect=\"fade\" data-maxpages=\"11\" data-ajaxprebefore=\"\" data-ajaxbefore=\"\" data-ajaxafter=\"\" \/><input class=\"wpv_view_count wpv_view_count-365\" type=\"hidden\" name=\"wpv_view_count\" value=\"365\" \/>\n\n<div class=\"form-check\">\n\t\t\t\t\t\t\t\t\t<input id=\"annee-de-publication-\" \tclass=\"form-check-input js-wpv-filter-trigger\"\n\t\t\t\t\t\t\t\t\t\tname=\"annee\" type=\"radio\" value=\"0\"  checked='checked'\n\t\t\t\t\t\t\t\t\t\/>\n\t\t\t\t\t\t\t\t\t<label for=\"annee-de-publication-\"  class=\"form-check-label \" >\n\t\t\t\t\t\t\t\t\t\tYear of publication\n\t\t\t\t\t\t\t\t\t<\/label>\n\t\t\t\t\t\t\t\t<\/div><div class=\"form-check\"><input type=\"radio\" id=\"annee-de-publication-2013\" class=\"js-wpv-filter-trigger form-check-input\" name=\"annee\" value=\"2013\" \/><label for=\"annee-de-publication-2013\" class=\"form-check-label\">2013<\/label><\/div><div class=\"form-check\"><input type=\"radio\" id=\"annee-de-publication-2012\" class=\"js-wpv-filter-trigger form-check-input\" name=\"annee\" value=\"2012\" \/><label for=\"annee-de-publication-2012\" class=\"form-check-label\">2012<\/label><\/div><div class=\"form-check\"><input type=\"radio\" id=\"annee-de-publication-2011\" class=\"js-wpv-filter-trigger form-check-input\" name=\"annee\" value=\"2011\" \/><label for=\"annee-de-publication-2011\" class=\"form-check-label\">2011<\/label><\/div><div class=\"form-check\"><input type=\"radio\" id=\"annee-de-publication-2010\" class=\"js-wpv-filter-trigger form-check-input\" name=\"annee\" value=\"2010\" \/><label for=\"annee-de-publication-2010\" class=\"form-check-label\">2010<\/label><\/div><div class=\"form-check\"><input type=\"radio\" id=\"annee-de-publication-archives\" class=\"js-wpv-filter-trigger form-check-input\" name=\"annee\" value=\"archives\" \/><label for=\"annee-de-publication-archives\" class=\"form-check-label\">Archives<\/label><\/div>\n\n<\/form><\/div>\n  <div class=\"wpb_column vc_column_container vc_col-sm-8\"><div id=\"wpv-view-layout-365\" class=\"js-wpv-view-layout js-wpv-layout-responsive js-wpv-view-layout-365 wpv-pagination js-wpv-layout-has-pagination wpv-pagination-preload-images js-wpv-layout-preload-images wpv-pagination-preload-pages js-wpv-layout-preload-pages\" style=\"visibility:hidden;\" data-viewnumber=\"365\" data-pagination=\"{&quot;id&quot;:365,&quot;query&quot;:&quot;normal&quot;,&quot;type&quot;:&quot;ajaxed&quot;,&quot;effect&quot;:&quot;fade&quot;,&quot;duration&quot;:&quot;500&quot;,&quot;speed&quot;:&quot;5&quot;,&quot;pause_on_hover&quot;:&quot;disabled&quot;,&quot;stop_rollover&quot;:&quot;false&quot;,&quot;cache_pages&quot;:&quot;enabled&quot;,&quot;preload_images&quot;:&quot;enabled&quot;,&quot;preload_pages&quot;:&quot;enabled&quot;,&quot;preload_reach&quot;:&quot;1&quot;,&quot;spinner&quot;:&quot;builtin&quot;,&quot;spinner_image&quot;:&quot;https:\/\/etude-fontana.ch\/wp-content\/plugins\/wp-views\/embedded\/res\/img\/ajax-loader-overlay.svg&quot;,&quot;callback_next&quot;:&quot;truncateTexts&quot;,&quot;manage_history&quot;:&quot;enabled&quot;,&quot;has_controls_in_form&quot;:&quot;disabled&quot;,&quot;infinite_tolerance&quot;:0,&quot;max_pages&quot;:11,&quot;page&quot;:1,&quot;base_permalink&quot;:&quot;\/en\/wp-json\/wp\/v2\/pages\/457?wpv_view_count=365&amp;wpv_paged=WPV_PAGE_NUM&quot;,&quot;loop&quot;:{&quot;type&quot;:&quot;&quot;,&quot;name&quot;:&quot;&quot;,&quot;data&quot;:[],&quot;id&quot;:0}}\" data-permalink=\"\/en\/wp-json\/wp\/v2\/pages\/457?wpv_view_count=365\">\n\n\t\n\t\n<div class=\"container wpv-loop js-wpv-loop news-archive\">\n\t\n\t\t\n\t\t<div class=\"row \">\n\t\t\t<div class=\"col-md-6\"><div class=\"wpb_news_img\">\n<img src=\"https:\/\/etude-fontana.ch\/wp-content\/uploads\/cat-press_point-de-vue.jpg\" title=\"cat-press_point-de-vue\" class=\"attachment-full news-img\" \/>\n<\/div>\n<div class=\"wpb_news_column bgdark\">\n<div class=\"news_post_date\">March 2013<\/div>\n<div class=\"news_post_title\"><h4>Ne pas confondre capacit\u00e9 et aptitude \u00e0 conduire<\/h4><\/div>\n<div class=\"news_post_content\"><p>Depuis quelques dizaines d&#8217;ann\u00e9es, on constate un net recul des d\u00e9c\u00e8s sur les routes suisses, ainsi que des victimes d&#8217;accidents&#8230;<\/p>\n<\/div>\n<div class=\"read_more_btn pdf_btn\"><a href=\"https:\/\/etude-fontana.ch\/wp-content\/uploads\/pointdevue110313.pdf\" title=\"Read article\" target=\"_blank\" rel=\"noopener noreferrer\">Read article<\/a><\/div><\/div><\/div>\n\t\t\n\t\t\n\t\t\t<div class=\"col-md-6\"><div class=\"wpb_news_img\">\n<img src=\"https:\/\/etude-fontana.ch\/wp-content\/uploads\/cat-press_point-de-vue.jpg\" title=\"cat-press_point-de-vue\" class=\"attachment-full news-img\" \/>\n<\/div>\n<div class=\"wpb_news_column bgdark\">\n<div class=\"news_post_date\">March 2013<\/div>\n<div class=\"news_post_title\"><h4>Tooxme: ludique, \u00e9co-responsable, \u00e9conomique et social<\/h4><\/div>\n<div class=\"news_post_content\"><p>Peut-\u00eatre avez-vous remarqu\u00e9 de dr\u00f4les de v\u00e9hicules bard\u00e9s de cl\u00e9s \u00e0 remonter surdimensionn\u00e9es sur leur toit, sillonnant nos routes&#8230;<\/p>\n<\/div>\n<div class=\"read_more_btn pdf_btn\"><a href=\"https:\/\/etude-fontana.ch\/wp-content\/uploads\/pointdevue_tooxme_110313.pdf\" title=\"Read article\" target=\"_blank\" rel=\"noopener noreferrer\">Read article<\/a><\/div><\/div><\/div>\n\t\t<\/div>\n\t\t\n\t\t\n\t\t<div class=\"row \">\n\t\t\t<div class=\"col-md-6\"><div class=\"wpb_news_img\">\n<img src=\"https:\/\/etude-fontana.ch\/wp-content\/uploads\/cat-press_point-de-vue.jpg\" title=\"cat-press_point-de-vue\" class=\"attachment-full news-img\" \/>\n<\/div>\n<div class=\"wpb_news_column bgdark\">\n<div class=\"news_post_date\">January 2013<\/div>\n<div class=\"news_post_title\"><h4>Avec ou sans neige, la police doit d\u00e9noncer<\/h4><\/div>\n<div class=\"news_post_content\"><p>Chaque hiver, de nombreux automobilistes s&#8217;insurgent de se voir verbalis\u00e9s par les forces de l&#8217;ordre pour stationnement interdit&#8230;<\/p>\n<\/div>\n<div class=\"read_more_btn pdf_btn\"><a href=\"https:\/\/etude-fontana.ch\/wp-content\/uploads\/avecousansneige.pdf\" title=\"Read article\" target=\"_blank\" rel=\"noopener noreferrer\">Read article<\/a><\/div><\/div><\/div>\n\t\t\n\t\t\n\t\t\t<div class=\"col-md-6\"><div class=\"wpb_news_img\">\n<img src=\"https:\/\/etude-fontana.ch\/wp-content\/uploads\/cat-press_point-de-vue.jpg\" title=\"cat-press_point-de-vue\" class=\"attachment-full news-img\" \/>\n<\/div>\n<div class=\"wpb_news_column bgdark\">\n<div class=\"news_post_date\">January 2013<\/div>\n<div class=\"news_post_title\"><h4>L&#8217;alliance rail-route: un exemple de f\u00e9d\u00e9ralisme citoyen<\/h4><\/div>\n<div class=\"news_post_content\"><p>Le 4 d\u00e9cembre dernier, une Alliance dite rail-route a \u00e9t\u00e9 sign\u00e9e par huit partenaires l\u00e9maniques et tessinois, \u00e0 savoir le Comt\u00e9&#8230;<\/p>\n<\/div>\n<div class=\"read_more_btn pdf_btn\"><a href=\"https:\/\/etude-fontana.ch\/wp-content\/uploads\/alliance_rail-route.pdf\" title=\"Read article\" target=\"_blank\" rel=\"noopener noreferrer\">Read article<\/a><\/div><\/div><\/div>\n\t\t<\/div>\n\t\t\n\t\t\n\t\t<div class=\"row \">\n\t\t\t<div class=\"col-md-6\"><div class=\"wpb_news_img\">\n<img src=\"https:\/\/etude-fontana.ch\/wp-content\/uploads\/cat-press_point-de-vue.jpg\" title=\"cat-press_point-de-vue\" class=\"attachment-full news-img\" \/>\n<\/div>\n<div class=\"wpb_news_column bgdark\">\n<div class=\"news_post_date\">October 2012<\/div>\n<div class=\"news_post_title\"><h4>La rubrique juridique : Les moyens de d\u00e9placement se diversifient&#8230;<\/h4><\/div>\n<div class=\"news_post_content\"><p>Les moyens de d\u00e9placement se diversifient. Le nombre de pi\u00e9tons, v\u00e9los, rollers, planches \u00e0 roulettes confront\u00e9s aux v\u00e9hicules automobiles\u2026&#8230;<\/p>\n<\/div>\n<div class=\"read_more_btn pdf_btn\"><a href=\"https:\/\/etude-fontana.ch\/wp-content\/uploads\/TCS_Octobre_2012.jpeg\" title=\"Read article\" target=\"_blank\" rel=\"noopener noreferrer\">Read article<\/a><\/div><\/div><\/div>\n\t\t\n\t\t\n\t\t\t<div class=\"col-md-6\"><div class=\"wpb_news_img\">\n<img src=\"https:\/\/etude-fontana.ch\/wp-content\/uploads\/cat-press_point-de-vue.jpg\" title=\"cat-press_point-de-vue\" class=\"attachment-full news-img\" \/>\n<\/div>\n<div class=\"wpb_news_column bgdark\">\n<div class=\"news_post_date\">October 2012<\/div>\n<div class=\"news_post_title\"><h4>Alcool au volant: gare aux sanctions!<\/h4><\/div>\n<div class=\"news_post_content\"><p>L&#8217;alcool reste une des principales causes des accidents de la route, car sa consommation diminue consid\u00e9rablement l&#8217;attention, la\u2026&#8230;<\/p>\n<\/div>\n<div class=\"read_more_btn pdf_btn\"><a href=\"https:\/\/etude-fontana.ch\/wp-content\/uploads\/tcs_8dec_alcool.jpg\" title=\"Read article\" target=\"_blank\" rel=\"noopener noreferrer\">Read article<\/a><\/div><\/div><\/div>\n\t\t<\/div>\n\t\t\n\t\t\n\t\t<div class=\"row \">\n\t\t\t<div class=\"col-md-6\"><div class=\"wpb_news_img\">\n<img src=\"https:\/\/etude-fontana.ch\/wp-content\/uploads\/cat-press_point-de-vue.jpg\" title=\"cat-press_point-de-vue\" class=\"attachment-full news-img\" \/>\n<\/div>\n<div class=\"wpb_news_column bgdark\">\n<div class=\"news_post_date\">October 2012<\/div>\n<div class=\"news_post_title\"><h4>Financemenet routier: un peu d&#8217;ordre et de clart\u00e9<\/h4><\/div>\n<div class=\"news_post_content\"><p>Notre pays dispose d&#8217;un r\u00e9seau ferroviaire de pointe. La cadence de circulation de ses trains est comparable \u00e0 celle des m\u00e9tros de grandes\u2026&#8230;<\/p>\n<\/div>\n<div class=\"read_more_btn pdf_btn\"><a href=\"https:\/\/etude-fontana.ch\/wp-content\/uploads\/point_de_vue_octobre.jpg\" title=\"Read article\" target=\"_blank\" rel=\"noopener noreferrer\">Read article<\/a><\/div><\/div><\/div>\n\t\t\n\t\t\n\t\t\t<div class=\"col-md-6\"><div class=\"wpb_news_img\">\n<img src=\"https:\/\/etude-fontana.ch\/wp-content\/uploads\/cat-press_point-de-vue.jpg\" title=\"cat-press_point-de-vue\" class=\"attachment-full news-img\" \/>\n<\/div>\n<div class=\"wpb_news_column bgdark\">\n<div class=\"news_post_date\">October 2012<\/div>\n<div class=\"news_post_title\"><h4>Grignoter, boire ou fumer au volant n&#8217;est pas anodin!<\/h4><\/div>\n<div class=\"news_post_content\"><p>Le mois dernier, prise d&#8217;une petite faim soudaine, une automobiliste zurichoise a profit\u00e9 d&#8217;un trajet au volant de sa voiture pour grignoter\u2026&#8230;<\/p>\n<\/div>\n<div class=\"read_more_btn pdf_btn\"><a href=\"https:\/\/etude-fontana.ch\/wp-content\/uploads\/point_de_vue_octobre2.jpg\" title=\"Read article\" target=\"_blank\" rel=\"noopener noreferrer\">Read article<\/a><\/div><\/div><\/div>\n\t\t<\/div>\n\t\t\n<\/div>\n\t\n<ul class=\"wpv-pagination-nav-links-container js-wpv-pagination-nav-links-container pagination\"><li class=\"wpv-pagination-nav-links-item js-wpv-pagination-nav-links-item page-item wpv-page-link-365-1 js-wpv-page-link-365-1 wpv_page_current wpv-pagination-nav-links-item-current active\"><span class=\"wpv-filter-pagination-link page-link\">1<\/span><\/li><li class=\"wpv-pagination-nav-links-item js-wpv-pagination-nav-links-item page-item wpv-page-link-365-2 js-wpv-page-link-365-2\"><a class=\"wpv-filter-pagination-link js-wpv-pagination-link page-link\" title=\"2\" href=\"\/en\/wp-json\/wp\/v2\/pages\/457?wpv_view_count=365&#038;wpv_paged=2\" data-viewnumber=\"365\" data-page=\"2\">2<\/a><\/li><li class=\"wpv-pagination-nav-links-item js-wpv-pagination-nav-links-item page-item wpv-page-link-365-3 js-wpv-page-link-365-3\"><a class=\"wpv-filter-pagination-link js-wpv-pagination-link page-link\" title=\"3\" href=\"\/en\/wp-json\/wp\/v2\/pages\/457?wpv_view_count=365&#038;wpv_paged=3\" data-viewnumber=\"365\" data-page=\"3\">3<\/a><\/li><li class=\"wpv-pagination-nav-links-item js-wpv-pagination-nav-links-item page-item wpv-page-link-365-4 js-wpv-page-link-365-4\"><a class=\"wpv-filter-pagination-link js-wpv-pagination-link page-link\" title=\"4\" href=\"\/en\/wp-json\/wp\/v2\/pages\/457?wpv_view_count=365&#038;wpv_paged=4\" data-viewnumber=\"365\" data-page=\"4\">4<\/a><\/li><li class=\"wpv-pagination-nav-links-item js-wpv-pagination-nav-links-item page-item wpv-page-link-365-5 js-wpv-page-link-365-5\"><a class=\"wpv-filter-pagination-link js-wpv-pagination-link page-link\" title=\"5\" href=\"\/en\/wp-json\/wp\/v2\/pages\/457?wpv_view_count=365&#038;wpv_paged=5\" data-viewnumber=\"365\" data-page=\"5\">5<\/a><\/li><li class=\"wpv-pagination-nav-links-item js-wpv-pagination-nav-links-item page-item wpv-page-link-365-6 js-wpv-page-link-365-6\"><a class=\"wpv-filter-pagination-link js-wpv-pagination-link page-link\" title=\"6\" href=\"\/en\/wp-json\/wp\/v2\/pages\/457?wpv_view_count=365&#038;wpv_paged=6\" data-viewnumber=\"365\" data-page=\"6\">6<\/a><\/li><li class=\"wpv-pagination-nav-links-item js-wpv-pagination-nav-links-item page-item wpv-page-link-365-7 js-wpv-page-link-365-7\"><a class=\"wpv-filter-pagination-link js-wpv-pagination-link page-link\" title=\"7\" href=\"\/en\/wp-json\/wp\/v2\/pages\/457?wpv_view_count=365&#038;wpv_paged=7\" data-viewnumber=\"365\" data-page=\"7\">7<\/a><\/li><li class=\"wpv-pagination-nav-links-item js-wpv-pagination-nav-links-item page-item wpv-page-link-365-8 js-wpv-page-link-365-8\"><a class=\"wpv-filter-pagination-link js-wpv-pagination-link page-link\" title=\"8\" href=\"\/en\/wp-json\/wp\/v2\/pages\/457?wpv_view_count=365&#038;wpv_paged=8\" data-viewnumber=\"365\" data-page=\"8\">8<\/a><\/li><li class=\"wpv-pagination-nav-links-item js-wpv-pagination-nav-links-item page-item wpv-page-link-365-9 js-wpv-page-link-365-9\"><a class=\"wpv-filter-pagination-link js-wpv-pagination-link page-link\" title=\"9\" href=\"\/en\/wp-json\/wp\/v2\/pages\/457?wpv_view_count=365&#038;wpv_paged=9\" data-viewnumber=\"365\" data-page=\"9\">9<\/a><\/li><li class=\"wpv-pagination-nav-links-item js-wpv-pagination-nav-links-item page-item wpv-page-link-365-10 js-wpv-page-link-365-10\"><a class=\"wpv-filter-pagination-link js-wpv-pagination-link page-link\" title=\"10\" href=\"\/en\/wp-json\/wp\/v2\/pages\/457?wpv_view_count=365&#038;wpv_paged=10\" data-viewnumber=\"365\" data-page=\"10\">10<\/a><\/li><li class=\"wpv-pagination-nav-links-item js-wpv-pagination-nav-links-item page-item wpv-page-link-365-11 js-wpv-page-link-365-11\"><a class=\"wpv-filter-pagination-link js-wpv-pagination-link page-link\" title=\"11\" href=\"\/en\/wp-json\/wp\/v2\/pages\/457?wpv_view_count=365&#038;wpv_paged=11\" data-viewnumber=\"365\" data-page=\"11\">11<\/a><\/li><\/ul>\n\t\n\t\n<\/div><\/div>\n  <div class=\"wpb_column vc_column_container vc_col-sm-2\"><\/div>[\/vc_column_text][\/vc_column][\/vc_row]<\/p>\n","protected":false},"excerpt":{"rendered":"<p>[vc_row el_class=&#8221;stickymenu&#8221;][vc_column][vc_wp_custommenu nav_menu=&#8221;23&#8243;][\/vc_column][\/vc_row][vc_row full_width=&#8221;stretch_row_content_no_spaces&#8221; el_class=&#8221;b-shortcode actualites-s&#8221;][vc_column][vc_column_text][\/vc_column_text][\/vc_column][\/vc_row]<\/p>\n","protected":false},"author":1,"featured_media":0,"parent":445,"menu_order":4,"comment_status":"closed","ping_status":"closed","template":"","meta":{"_monsterinsights_skip_tracking":false,"_monsterinsights_sitenote_active":false,"_monsterinsights_sitenote_note":"","_monsterinsights_sitenote_category":0,"_links_to":"","_links_to_target":""},"yoast_head":"<!-- This site is optimized with the Yoast SEO plugin v16.2 - https:\/\/yoast.com\/wordpress\/plugins\/seo\/ -->\n<title>Point of view | Etude Fontana | Etude d&#039;avocats \u00e0 Lausanne<\/title>\n<meta name=\"description\" content=\"Did you know that? \u00abI take you into the exciting world of my profession, which I practice with energy and determination.\u00bb V. Fontana\" \/>\n<meta name=\"robots\" content=\"index, follow, max-snippet:-1, max-image-preview:large, max-video-preview:-1\" \/>\n<link rel=\"canonical\" href=\"https:\/\/etude-fontana.ch\/en\/news\/point-de-vue\/\" \/>\n<meta property=\"og:locale\" content=\"en_US\" \/>\n<meta property=\"og:type\" content=\"article\" \/>\n<meta property=\"og:title\" content=\"Point of view | Etude Fontana | Etude d&#039;avocats \u00e0 Lausanne\" \/>\n<meta property=\"og:description\" content=\"Did you know that? \u00abI take you into the exciting world of my profession, which I practice with energy and determination.\u00bb V. Fontana\" \/>\n<meta property=\"og:url\" content=\"https:\/\/etude-fontana.ch\/en\/news\/point-de-vue\/\" \/>\n<meta property=\"og:site_name\" content=\"Etude Fontana\" \/>\n<meta property=\"article:publisher\" content=\"https:\/\/www.facebook.com\/EtudeFontana\/\" \/>\n<meta property=\"article:modified_time\" content=\"2021-08-12T15:25:41+00:00\" \/>\n<meta name=\"twitter:card\" content=\"summary_large_image\" \/>\n<script type=\"application\/ld+json\" class=\"yoast-schema-graph\">{\"@context\":\"https:\/\/schema.org\",\"@graph\":[{\"@type\":\"Organization\",\"@id\":\"https:\/\/etude-fontana.ch\/#organization\",\"name\":\"Etude Fontana\",\"url\":\"https:\/\/etude-fontana.ch\/\",\"sameAs\":[\"https:\/\/www.facebook.com\/EtudeFontana\/\",\"https:\/\/ng.linkedin.com\/company\/tribunal-neutre-du-canton-de-vaud\"],\"logo\":{\"@type\":\"ImageObject\",\"@id\":\"https:\/\/etude-fontana.ch\/#logo\",\"inLanguage\":\"en-US\",\"url\":\"https:\/\/etude-fontana.ch\/wp-content\/uploads\/logo.svg\",\"contentUrl\":\"https:\/\/etude-fontana.ch\/wp-content\/uploads\/logo.svg\",\"width\":\"1024\",\"height\":\"1024\",\"caption\":\"Etude Fontana\"},\"image\":{\"@id\":\"https:\/\/etude-fontana.ch\/#logo\"}},{\"@type\":\"WebSite\",\"@id\":\"https:\/\/etude-fontana.ch\/#website\",\"url\":\"https:\/\/etude-fontana.ch\/\",\"name\":\"Etude Fontana\",\"description\":\"\",\"publisher\":{\"@id\":\"https:\/\/etude-fontana.ch\/#organization\"},\"potentialAction\":[{\"@type\":\"SearchAction\",\"target\":\"https:\/\/etude-fontana.ch\/?s={search_term_string}\",\"query-input\":\"required name=search_term_string\"}],\"inLanguage\":\"en-US\"},{\"@type\":\"WebPage\",\"@id\":\"https:\/\/etude-fontana.ch\/en\/news\/point-de-vue\/#webpage\",\"url\":\"https:\/\/etude-fontana.ch\/en\/news\/point-de-vue\/\",\"name\":\"Point of view | Etude Fontana | Etude d'avocats \\u00e0 Lausanne\",\"isPartOf\":{\"@id\":\"https:\/\/etude-fontana.ch\/#website\"},\"datePublished\":\"2020-10-25T08:58:15+00:00\",\"dateModified\":\"2021-08-12T15:25:41+00:00\",\"description\":\"Did you know that? \\u00abI take you into the exciting world of my profession, which I practice with energy and determination.\\u00bb V. Fontana\",\"breadcrumb\":{\"@id\":\"https:\/\/etude-fontana.ch\/en\/news\/point-de-vue\/#breadcrumb\"},\"inLanguage\":\"en-US\",\"potentialAction\":[{\"@type\":\"ReadAction\",\"target\":[\"https:\/\/etude-fontana.ch\/en\/news\/point-de-vue\/\"]}]},{\"@type\":\"BreadcrumbList\",\"@id\":\"https:\/\/etude-fontana.ch\/en\/news\/point-de-vue\/#breadcrumb\",\"itemListElement\":[{\"@type\":\"ListItem\",\"position\":1,\"item\":{\"@type\":\"WebPage\",\"@id\":\"https:\/\/etude-fontana.ch\/en\/\",\"url\":\"https:\/\/etude-fontana.ch\/en\/\",\"name\":\"Accueil\"}},{\"@type\":\"ListItem\",\"position\":2,\"item\":{\"@type\":\"WebPage\",\"@id\":\"https:\/\/etude-fontana.ch\/en\/news\/television-et-radio\/\",\"url\":\"https:\/\/etude-fontana.ch\/en\/news\/television-et-radio\/\",\"name\":\"News\"}},{\"@type\":\"ListItem\",\"position\":3,\"item\":{\"@id\":\"https:\/\/etude-fontana.ch\/en\/news\/point-de-vue\/#webpage\"}}]}]}<\/script>\n<!-- \/ Yoast SEO plugin. -->","_links":{"self":[{"href":"https:\/\/etude-fontana.ch\/en\/wp-json\/wp\/v2\/pages\/457"}],"collection":[{"href":"https:\/\/etude-fontana.ch\/en\/wp-json\/wp\/v2\/pages"}],"about":[{"href":"https:\/\/etude-fontana.ch\/en\/wp-json\/wp\/v2\/types\/page"}],"author":[{"embeddable":true,"href":"https:\/\/etude-fontana.ch\/en\/wp-json\/wp\/v2\/users\/1"}],"replies":[{"embeddable":true,"href":"https:\/\/etude-fontana.ch\/en\/wp-json\/wp\/v2\/comments?post=457"}],"version-history":[{"count":9,"href":"https:\/\/etude-fontana.ch\/en\/wp-json\/wp\/v2\/pages\/457\/revisions"}],"predecessor-version":[{"id":3152,"href":"https:\/\/etude-fontana.ch\/en\/wp-json\/wp\/v2\/pages\/457\/revisions\/3152"}],"up":[{"embeddable":true,"href":"https:\/\/etude-fontana.ch\/en\/wp-json\/wp\/v2\/pages\/445"}],"wp:attachment":[{"href":"https:\/\/etude-fontana.ch\/en\/wp-json\/wp\/v2\/media?parent=457"}],"curies":[{"name":"wp","href":"https:\/\/api.w.org\/{rel}","templated":true}]}}