{"id":697,"date":"2020-10-13T11:38:22","date_gmt":"2020-10-13T09:38:22","guid":{"rendered":"https:\/\/etude-fontana.ch\/wp\/politique-de-confidentialite\/"},"modified":"2021-06-29T17:26:59","modified_gmt":"2021-06-29T15:26:59","slug":"privacy-policy","status":"publish","type":"page","link":"https:\/\/etude-fontana.ch\/en\/privacy-policy\/","title":{"rendered":"Privacy policy"},"content":{"rendered":"<h3>QUI SOMMES-NOUS\u00a0?<\/h3>\n<p>https:\/\/etude-fontana.ch\/ est un site appartenant \u00e0 Etude Fontana Avocats.<\/p>\n<h3>UTILISATION DES DONN\u00c9ES PERSONNELLES COLLECT\u00c9ES<\/h3>\n<h4>COOKIES<\/h4>\n<p>Lorsque vous vous connecterez, nous mettrons en place un certain nombre de cookies pour enregistrer vos informations de connexion et vos pr\u00e9f\u00e9rences d\u2019\u00e9cran. La dur\u00e9e de vie d\u2019un cookie de connexion est de deux jours, celle d\u2019un cookie d\u2019option d\u2019\u00e9cran est d\u2019un an. Si vous cochez \u00ab\u00a0Se souvenir de moi\u00a0\u00bb, votre cookie de connexion sera conserv\u00e9 pendant deux semaines. Si vous vous d\u00e9connectez de votre compte, le cookie de connexion sera effac\u00e9.<\/p>\n<h4>FORMULAIRES DE CONTACT<\/h4>\n<p>Les donn\u00e9es r\u00e9colt\u00e9es via la soumission d\u2019un formulaire de contact sont conserv\u00e9es de mani\u00e8re informatique. Elles ne seront pas utilis\u00e9es \u00e0 \u00e0 des fins commerciales.<\/p>\n<h4>CONTENU EMBARQU\u00c9 DEPUIS D\u2019AUTRES SITES<\/h4>\n<p>Les articles de ce site peuvent inclure des contenus int\u00e9gr\u00e9s (par exemple des vid\u00e9os, images, articles\u2026). Le contenu int\u00e9gr\u00e9 depuis d\u2019autres sites se comporte de la m\u00eame mani\u00e8re que si le visiteur se rendait sur cet autre site.<br \/>\nCes sites web pourraient collecter des donn\u00e9es sur vous, utiliser des cookies, embarquer des outils de suivis tiers, suivre vos interactions avec ces contenus embarqu\u00e9s si vous disposez d\u2019un compte connect\u00e9 sur leur site web.<\/p>\n<h4>FORMULAIRES STATISTIQUES ET MESURES D\u2019AUDIENCE<\/h4>\n<p>Les statistiques et mesures d\u2019audience sont faite par le service Google Analytics. Les clauses de confidentialit\u00e9 du service Google Analytics sont disponibles ici : https:\/\/policies.google.com\/privacy?hl=fr.<\/p>\n<h3>UTILISATION ET TRANSMISSION DE VOS DONN\u00c9ES PERSONNELLES<\/h3>\n<p>Les statistiques collect\u00e9es le sont de mani\u00e8re anonymes et ne sont en aucun cas transmises \u00e0 des tiers. Elles servent principalement \u00e0 l\u2019optimisation de notre site internet.<\/p>\n<h4>LES DROITS QUE VOUS AVEZ SUR VOS DONN\u00c9ES<\/h4>\n<p>Si vous avez un compte ou si vous avez laiss\u00e9 des commentaires sur le site, vous pouvez demander \u00e0 recevoir un fichier contenant toutes les donn\u00e9es personnelles que nous poss\u00e9dons \u00e0 votre sujet, incluant celles que vous nous avez fournies. Vous pouvez \u00e9galement demander la suppression des donn\u00e9es personnelles vous concernant. Cela ne prend pas en compte les donn\u00e9es stock\u00e9es \u00e0 des fins administratives, l\u00e9gales ou pour des raisons de s\u00e9curit\u00e9.<\/p>\n<h3>INFORMATIONS DE CONTACT<\/h3>\n<p><strong>Etude Fontana Avocats<\/strong><br \/>\nRue Etraz 12<br \/>\n1003 Lausanne<\/p>\n","protected":false},"excerpt":{"rendered":"<p>QUI SOMMES-NOUS\u00a0? <\/p>\n<p>https:\/\/etude-fontana.ch\/ est un site appartenant \u00e0 Etude Fontana Avocats.<\/p>\n<p> UTILISATION DES DONN\u00c9ES PERSONNELLES COLLECT\u00c9ES COOKIES <\/p>\n<p>Lorsque vous vous connecterez, nous mettrons en place un certain nombre de cookies pour enregistrer vos informations de connexion et vos pr\u00e9f\u00e9rences d\u2019\u00e9cran. La dur\u00e9e de vie d\u2019un cookie de connexion est de deux jours, celle d\u2019un cookie d\u2019option d\u2019\u00e9cran est d\u2019un an.<\/p>\n","protected":false},"author":1,"featured_media":0,"parent":0,"menu_order":7,"comment_status":"closed","ping_status":"closed","template":"","meta":{"_monsterinsights_skip_tracking":false,"_monsterinsights_sitenote_active":false,"_monsterinsights_sitenote_note":"","_monsterinsights_sitenote_category":0,"_links_to":"","_links_to_target":""},"yoast_head":"<!-- This site is optimized with the Yoast SEO plugin v16.2 - https:\/\/yoast.com\/wordpress\/plugins\/seo\/ -->\n<title>Privacy policy | Etude Fontana<\/title>\n<meta name=\"robots\" content=\"index, follow, max-snippet:-1, max-image-preview:large, max-video-preview:-1\" \/>\n<link rel=\"canonical\" href=\"https:\/\/etude-fontana.ch\/en\/privacy-policy\/\" \/>\n<meta property=\"og:locale\" content=\"en_US\" \/>\n<meta property=\"og:type\" content=\"article\" \/>\n<meta property=\"og:title\" content=\"Privacy policy | Etude Fontana\" \/>\n<meta property=\"og:description\" content=\"QUI SOMMES-NOUS\u00a0? https:\/\/etude-fontana.ch\/ est un site appartenant \u00e0 Etude Fontana Avocats. UTILISATION DES DONN\u00c9ES PERSONNELLES COLLECT\u00c9ES COOKIES Lorsque vous vous connecterez, nous mettrons en place un certain nombre de cookies pour enregistrer vos informations de connexion et vos pr\u00e9f\u00e9rences d\u2019\u00e9cran. La dur\u00e9e de vie d\u2019un cookie de connexion est de deux jours, celle d\u2019un cookie d\u2019option d\u2019\u00e9cran est d\u2019un an.\" \/>\n<meta property=\"og:url\" content=\"https:\/\/etude-fontana.ch\/en\/privacy-policy\/\" \/>\n<meta property=\"og:site_name\" content=\"Etude Fontana\" \/>\n<meta property=\"article:publisher\" content=\"https:\/\/www.facebook.com\/EtudeFontana\/\" \/>\n<meta property=\"article:modified_time\" content=\"2021-06-29T15:26:59+00:00\" \/>\n<meta name=\"twitter:card\" content=\"summary_large_image\" \/>\n<meta name=\"twitter:label1\" content=\"Est. reading time\">\n\t<meta name=\"twitter:data1\" content=\"2 minutes\">\n<script type=\"application\/ld+json\" class=\"yoast-schema-graph\">{\"@context\":\"https:\/\/schema.org\",\"@graph\":[{\"@type\":\"Organization\",\"@id\":\"https:\/\/etude-fontana.ch\/#organization\",\"name\":\"Etude Fontana\",\"url\":\"https:\/\/etude-fontana.ch\/\",\"sameAs\":[\"https:\/\/www.facebook.com\/EtudeFontana\/\",\"https:\/\/ng.linkedin.com\/company\/tribunal-neutre-du-canton-de-vaud\"],\"logo\":{\"@type\":\"ImageObject\",\"@id\":\"https:\/\/etude-fontana.ch\/#logo\",\"inLanguage\":\"en-US\",\"url\":\"https:\/\/etude-fontana.ch\/wp-content\/uploads\/logo.svg\",\"contentUrl\":\"https:\/\/etude-fontana.ch\/wp-content\/uploads\/logo.svg\",\"width\":\"1024\",\"height\":\"1024\",\"caption\":\"Etude Fontana\"},\"image\":{\"@id\":\"https:\/\/etude-fontana.ch\/#logo\"}},{\"@type\":\"WebSite\",\"@id\":\"https:\/\/etude-fontana.ch\/#website\",\"url\":\"https:\/\/etude-fontana.ch\/\",\"name\":\"Etude Fontana\",\"description\":\"\",\"publisher\":{\"@id\":\"https:\/\/etude-fontana.ch\/#organization\"},\"potentialAction\":[{\"@type\":\"SearchAction\",\"target\":\"https:\/\/etude-fontana.ch\/?s={search_term_string}\",\"query-input\":\"required name=search_term_string\"}],\"inLanguage\":\"en-US\"},{\"@type\":\"WebPage\",\"@id\":\"https:\/\/etude-fontana.ch\/en\/privacy-policy\/#webpage\",\"url\":\"https:\/\/etude-fontana.ch\/en\/privacy-policy\/\",\"name\":\"Privacy policy | Etude Fontana\",\"isPartOf\":{\"@id\":\"https:\/\/etude-fontana.ch\/#website\"},\"datePublished\":\"2020-10-13T09:38:22+00:00\",\"dateModified\":\"2021-06-29T15:26:59+00:00\",\"breadcrumb\":{\"@id\":\"https:\/\/etude-fontana.ch\/en\/privacy-policy\/#breadcrumb\"},\"inLanguage\":\"en-US\",\"potentialAction\":[{\"@type\":\"ReadAction\",\"target\":[\"https:\/\/etude-fontana.ch\/en\/privacy-policy\/\"]}]},{\"@type\":\"BreadcrumbList\",\"@id\":\"https:\/\/etude-fontana.ch\/en\/privacy-policy\/#breadcrumb\",\"itemListElement\":[{\"@type\":\"ListItem\",\"position\":1,\"item\":{\"@type\":\"WebPage\",\"@id\":\"https:\/\/etude-fontana.ch\/en\/\",\"url\":\"https:\/\/etude-fontana.ch\/en\/\",\"name\":\"Accueil\"}},{\"@type\":\"ListItem\",\"position\":2,\"item\":{\"@id\":\"https:\/\/etude-fontana.ch\/en\/privacy-policy\/#webpage\"}}]}]}<\/script>\n<!-- \/ Yoast SEO plugin. -->","_links":{"self":[{"href":"https:\/\/etude-fontana.ch\/en\/wp-json\/wp\/v2\/pages\/697"}],"collection":[{"href":"https:\/\/etude-fontana.ch\/en\/wp-json\/wp\/v2\/pages"}],"about":[{"href":"https:\/\/etude-fontana.ch\/en\/wp-json\/wp\/v2\/types\/page"}],"author":[{"embeddable":true,"href":"https:\/\/etude-fontana.ch\/en\/wp-json\/wp\/v2\/users\/1"}],"replies":[{"embeddable":true,"href":"https:\/\/etude-fontana.ch\/en\/wp-json\/wp\/v2\/comments?post=697"}],"version-history":[{"count":4,"href":"https:\/\/etude-fontana.ch\/en\/wp-json\/wp\/v2\/pages\/697\/revisions"}],"predecessor-version":[{"id":3405,"href":"https:\/\/etude-fontana.ch\/en\/wp-json\/wp\/v2\/pages\/697\/revisions\/3405"}],"wp:attachment":[{"href":"https:\/\/etude-fontana.ch\/en\/wp-json\/wp\/v2\/media?parent=697"}],"curies":[{"name":"wp","href":"https:\/\/api.w.org\/{rel}","templated":true}]}}